{"id":8330,"date":"2023-10-30T07:52:58","date_gmt":"2023-10-30T07:52:58","guid":{"rendered":"https:\/\/creacar.com\/newsroom\/"},"modified":"2024-07-20T16:18:47","modified_gmt":"2024-07-20T16:18:47","slug":"newsroom","status":"publish","type":"page","link":"https:\/\/creacar.com\/fr\/newsroom\/","title":{"rendered":"Newsroom"},"content":{"rendered":"\t\t<div data-elementor-type=\"wp-page\" data-elementor-id=\"8330\" class=\"elementor elementor-8330 elementor-359\" data-elementor-post-type=\"page\">\n\t\t\t\t<div class=\"elementor-element elementor-element-f175e71 e-flex e-con-boxed e-con e-parent\" data-id=\"f175e71\" data-element_type=\"container\" data-e-type=\"container\" data-settings=\"{&quot;background_background&quot;:&quot;classic&quot;}\">\n\t\t\t\t\t<div class=\"e-con-inner\">\n\t\t<div class=\"elementor-element elementor-element-8b1bb88 e-con-full e-flex e-con e-child\" data-id=\"8b1bb88\" data-element_type=\"container\" data-e-type=\"container\">\n\t\t\t\t<div class=\"elementor-element elementor-element-22f95cb elementor-widget elementor-widget-html\" data-id=\"22f95cb\" data-element_type=\"widget\" data-e-type=\"widget\" data-widget_type=\"html.default\">\n\t\t\t\t<div class=\"elementor-widget-container\">\n\t\t\t\t\t<ul class=\"custom-filt custom-filt--bold custom-filt--2\">\n \t<li class=\"btn kapfilt2 active\" data-li=\"all\">Toutes les cat\u00e9gories\n<\/li>\t<li class=\"kapfilt2\" data-li=\"category-news-project\">Projets\n<\/li>\t<li class=\"kapfilt2\" data-li=\"category-news-trade\">Salons professionnels\n<\/li>\t<li class=\"kapfilt2\" data-li=\"category-news-article\">Articles\n<\/li><\/ul>\t\t\t\t<\/div>\n\t\t\t\t<\/div>\n\t\t\t\t<\/div>\n\t\t\t\t\t<\/div>\n\t\t\t\t<\/div>\n\t\t<div class=\"elementor-element elementor-element-ae5269b e-flex e-con-boxed e-con e-parent\" data-id=\"ae5269b\" data-element_type=\"container\" data-e-type=\"container\" data-settings=\"{&quot;background_background&quot;:&quot;classic&quot;}\">\n\t\t\t\t\t<div class=\"e-con-inner\">\n\t\t<div class=\"elementor-element elementor-element-1e5e412 e-con-full e-flex e-con e-child\" data-id=\"1e5e412\" data-element_type=\"container\" data-e-type=\"container\">\n\t\t<div class=\"elementor-element elementor-element-c728789 e-con-full e-flex e-con e-child\" data-id=\"c728789\" data-element_type=\"container\" data-e-type=\"container\">\n\t\t\t\t<div class=\"elementor-element elementor-element-f6a53a6 elementor-grid-4 elementor-grid-tablet-2 elementor-grid-mobile-1 elementor-widget elementor-widget-loop-grid\" data-id=\"f6a53a6\" data-element_type=\"widget\" data-e-type=\"widget\" data-settings=\"{&quot;template_id&quot;:6986,&quot;columns&quot;:4,&quot;pagination_type&quot;:&quot;load_more_on_click&quot;,&quot;_skin&quot;:&quot;post&quot;,&quot;columns_tablet&quot;:&quot;2&quot;,&quot;columns_mobile&quot;:&quot;1&quot;,&quot;edit_handle_selector&quot;:&quot;[data-elementor-type=\\&quot;loop-item\\&quot;]&quot;,&quot;load_more_spinner&quot;:{&quot;value&quot;:&quot;fas fa-spinner&quot;,&quot;library&quot;:&quot;fa-solid&quot;},&quot;row_gap&quot;:{&quot;unit&quot;:&quot;px&quot;,&quot;size&quot;:&quot;&quot;,&quot;sizes&quot;:[]},&quot;row_gap_tablet&quot;:{&quot;unit&quot;:&quot;px&quot;,&quot;size&quot;:&quot;&quot;,&quot;sizes&quot;:[]},&quot;row_gap_mobile&quot;:{&quot;unit&quot;:&quot;px&quot;,&quot;size&quot;:&quot;&quot;,&quot;sizes&quot;:[]}}\" data-widget_type=\"loop-grid.post\">\n\t\t\t\t<div class=\"elementor-widget-container\">\n\t\t\t\t\t\t\t<div class=\"e-loop-nothing-found-message\">\n\t\t<\/div>\n\t\t\t\t\t\t<\/div>\n\t\t\t\t<\/div>\n\t\t\t\t<\/div>\n\t\t\t\t<\/div>\n\t\t\t\t\t<\/div>\n\t\t\t\t<\/div>\n\t\t<div class=\"elementor-element elementor-element-7dd11e3d e-flex e-con-boxed e-con e-parent\" data-id=\"7dd11e3d\" data-element_type=\"container\" data-e-type=\"container\" data-settings=\"{&quot;background_background&quot;:&quot;classic&quot;}\">\n\t\t\t\t\t<div class=\"e-con-inner\">\n\t\t<div class=\"elementor-element elementor-element-24d17951 e-con-full e-flex e-con e-child\" data-id=\"24d17951\" data-element_type=\"container\" data-e-type=\"container\">\n\t\t<div class=\"elementor-element elementor-element-46bb7383 e-con-full e-flex e-con e-child\" data-id=\"46bb7383\" data-element_type=\"container\" data-e-type=\"container\">\n\t\t<div class=\"elementor-element elementor-element-2256dce2 e-con-full e-flex e-con e-child\" data-id=\"2256dce2\" data-element_type=\"container\" data-e-type=\"container\">\n\t\t\t\t<div class=\"elementor-element elementor-element-3a6b2aa2 elementor-widget elementor-widget-heading\" data-id=\"3a6b2aa2\" data-element_type=\"widget\" data-e-type=\"widget\" data-widget_type=\"heading.default\">\n\t\t\t\t<div class=\"elementor-widget-container\">\n\t\t\t\t\t<h2 class=\"elementor-heading-title elementor-size-default\">Rendez-nous visite \u00e0\nces salons professionnels<\/h2>\t\t\t\t<\/div>\n\t\t\t\t<\/div>\n\t\t\t\t<\/div>\n\t\t\t\t<\/div>\n\t\t<div class=\"elementor-element elementor-element-39556abb e-con-full e-flex e-con e-child\" data-id=\"39556abb\" data-element_type=\"container\" data-e-type=\"container\">\n\t\t<div class=\"elementor-element elementor-element-176729f8 e-con-full e-flex e-con e-child\" data-id=\"176729f8\" data-element_type=\"container\" data-e-type=\"container\">\n\t\t<div class=\"elementor-element elementor-element-13e35291 e-con-full e-flex e-con e-child\" data-id=\"13e35291\" data-element_type=\"container\" data-e-type=\"container\">\n\t\t\t\t<div class=\"elementor-element elementor-element-1ef0bf6d elementor-widget elementor-widget-heading\" data-id=\"1ef0bf6d\" data-element_type=\"widget\" data-e-type=\"widget\" data-widget_type=\"heading.default\">\n\t\t\t\t<div class=\"elementor-widget-container\">\n\t\t\t\t\t<h2 class=\"elementor-heading-title elementor-size-default\">Aucun salon professionnel pr\u00e9vu<\/h2>\t\t\t\t<\/div>\n\t\t\t\t<\/div>\n\t\t\t\t<\/div>\n\t\t<div class=\"elementor-element elementor-element-3e670557 e-con-full e-flex e-con e-child\" data-id=\"3e670557\" data-element_type=\"container\" data-e-type=\"container\">\n\t\t\t\t<div class=\"elementor-element elementor-element-5959f7e elementor-widget elementor-widget-text-editor\" data-id=\"5959f7e\" data-element_type=\"widget\" data-e-type=\"widget\" data-widget_type=\"text-editor.default\">\n\t\t\t\t<div class=\"elementor-widget-container\">\n\t\t\t\t\t\t\t\t\tPour le moment, nous n&rsquo;avons pas de salon professionnel pr\u00e9vu.Envie de nous parler de votre id\u00e9e ? Contactez-nous via notre page <a href=\"https:\/\/creacar.com\/fr\/contact\/\">de contact<\/a>.\t\t\t\t\t\t\t\t<\/div>\n\t\t\t\t<\/div>\n\t\t\t\t<\/div>\n\t\t\t\t<\/div>\n\t\t\t\t<\/div>\n\t\t<div class=\"elementor-element elementor-element-0c72479 e-con-full elementor-hidden-desktop elementor-hidden-tablet elementor-hidden-mobile e-flex e-con e-child\" data-id=\"0c72479\" data-element_type=\"container\" data-e-type=\"container\">\n\t\t<div class=\"elementor-element elementor-element-c3a5268 e-con-full e-flex e-con e-child\" data-id=\"c3a5268\" data-element_type=\"container\" data-e-type=\"container\">\n\t\t<div class=\"elementor-element elementor-element-0fc2018 e-con-full e-flex e-con e-child\" data-id=\"0fc2018\" data-element_type=\"container\" data-e-type=\"container\">\n\t\t\t\t<div class=\"elementor-element elementor-element-d703cc3 elementor-widget elementor-widget-heading\" data-id=\"d703cc3\" data-element_type=\"widget\" data-e-type=\"widget\" data-widget_type=\"heading.default\">\n\t\t\t\t<div class=\"elementor-widget-container\">\n\t\t\t\t\t<h2 class=\"elementor-heading-title elementor-size-default\">07\/12\/23 - 12\/12\/23 Hasselt BE<\/h2>\t\t\t\t<\/div>\n\t\t\t\t<\/div>\n\t\t\t\t<div class=\"elementor-element elementor-element-b78baad elementor-widget elementor-widget-heading\" data-id=\"b78baad\" data-element_type=\"widget\" data-e-type=\"widget\" data-widget_type=\"heading.default\">\n\t\t\t\t<div class=\"elementor-widget-container\">\n\t\t\t\t\t<h2 class=\"elementor-heading-title elementor-size-default\">Beurs 1 Lorum Ipsum<\/h2>\t\t\t\t<\/div>\n\t\t\t\t<\/div>\n\t\t\t\t<\/div>\n\t\t<div class=\"elementor-element elementor-element-a609c58 e-con-full e-flex e-con e-child\" data-id=\"a609c58\" data-element_type=\"container\" data-e-type=\"container\">\n\t\t\t\t<div class=\"elementor-element elementor-element-e8eae9f elementor-widget elementor-widget-text-editor\" data-id=\"e8eae9f\" data-element_type=\"widget\" data-e-type=\"widget\" data-widget_type=\"text-editor.default\">\n\t\t\t\t<div class=\"elementor-widget-container\">\n\t\t\t\t\t\t\t\t\t<p>Korte uitleg + lien\u00a0: Praesent euismod ullamcorper eros vitae congue. Maecenas gravida &#8211; Visiter le site<\/p>\n\t\t\t\t\t\t\t\t<\/div>\n\t\t\t\t<\/div>\n\t\t\t\t<\/div>\n\t\t\t\t<\/div>\n\t\t\t\t<\/div>\n\t\t\t\t<\/div>\n\t\t\t\t\t<\/div>\n\t\t\t\t<\/div>\n\t\t<div class=\"elementor-element elementor-element-2a2983e e-flex e-con-boxed e-con e-parent\" data-id=\"2a2983e\" data-element_type=\"container\" data-e-type=\"container\" data-settings=\"{&quot;background_background&quot;:&quot;classic&quot;}\">\n\t\t\t\t\t<div class=\"e-con-inner\">\n\t\t<div class=\"elementor-element elementor-element-de940b9 e-con-full e-flex e-con e-child\" data-id=\"de940b9\" data-element_type=\"container\" data-e-type=\"container\" data-settings=\"{&quot;background_background&quot;:&quot;classic&quot;}\">\n\t\t\t\t<div class=\"elementor-element elementor-element-868768e elementor-widget elementor-widget-heading\" data-id=\"868768e\" data-element_type=\"widget\" data-e-type=\"widget\" data-widget_type=\"heading.default\">\n\t\t\t\t<div class=\"elementor-widget-container\">\n\t\t\t\t\t<h2 class=\"elementor-heading-title elementor-size-default\">Abonnez-vous \u00e0 notre newsletter et\n\u00eatre le premier \u00e0 \u00eatre inform\u00e9\nde tous les d\u00e9veloppements Creacar<\/h2>\t\t\t\t<\/div>\n\t\t\t\t<\/div>\n\t\t\t\t<div class=\"elementor-element elementor-element-8892cdd elementor-button-align-stretch elementor-widget elementor-widget-form\" data-id=\"8892cdd\" data-element_type=\"widget\" data-e-type=\"widget\" data-settings=\"{&quot;button_width&quot;:&quot;40&quot;,&quot;step_next_label&quot;:&quot;Next\\u00a0:&quot;,&quot;step_previous_label&quot;:&quot;Pr\\u00e9c\\u00e9dent&quot;,&quot;step_type&quot;:&quot;number_text&quot;,&quot;step_icon_shape&quot;:&quot;circle&quot;}\" data-widget_type=\"form.default\">\n\t\t\t\t<div class=\"elementor-widget-container\">\n\t\t\t\t\t\t\t<form class=\"elementor-form\" method=\"post\" name=\"Nouveau formulaire\" aria-label=\"Nouveau formulaire\">\n\t\t\t<input type=\"hidden\" name=\"post_id\" value=\"8330\"\/>\n\t\t\t<input type=\"hidden\" name=\"form_id\" value=\"8892cdd\"\/>\n\t\t\t<input type=\"hidden\" name=\"referer_title\" value=\"Newsroom | Creacar - Actualit\u00e9s de l&#039;entreprise et perspectives du secteur\" \/>\n\n\t\t\t\t\t\t\t<input type=\"hidden\" name=\"queried_id\" value=\"8330\"\/>\n\t\t\t\n\t\t\t<div class=\"elementor-form-fields-wrapper elementor-labels-\">\n\t\t\t\t\t\t\t\t<div class=\"elementor-field-type-recaptcha_v3 elementor-field-group elementor-column elementor-field-group-field_e4cbec7 elementor-col-100 recaptcha_v3-bottomright\">\n\t\t\t\t\t<div class=\"elementor-field\" id=\"form-field-field_e4cbec7\"><div class=\"elementor-g-recaptcha\" data-sitekey=\"6LdqG0cpAAAAACt0Oit0J7GoSgpkGU-vPpJN8ii0\" data-type=\"v3\" data-action=\"Form\" data-badge=\"bottomright\" data-size=\"invisible\"><\/div><\/div>\t\t\t\t<\/div>\n\t\t\t\t\t\t\t\t<div class=\"elementor-field-type-email elementor-field-group elementor-column elementor-field-group-name elementor-col-60 elementor-field-required\">\n\t\t\t\t\t\t\t\t\t\t\t\t\t<input size=\"1\" type=\"email\" name=\"form_fields[name]\" id=\"form-field-name\" class=\"elementor-field elementor-size-sm  elementor-field-textual\" placeholder=\"*Adresse e-mail\" required=\"required\">\n\t\t\t\t\t\t\t\t\t\t\t<\/div>\n\t\t\t\t\t\t\t\t<div class=\"elementor-field-group elementor-column elementor-field-type-submit elementor-col-40 e-form__buttons\">\n\t\t\t\t\t<button class=\"elementor-button elementor-size-sm\" type=\"submit\">\n\t\t\t\t\t\t<span class=\"elementor-button-content-wrapper\">\n\t\t\t\t\t\t\t\t\t\t\t\t\t\t\t\t\t\t\t\t\t\t<span class=\"elementor-button-text\">ABONNEZ-VOUS MAINTENANT<\/span>\n\t\t\t\t\t\t\t\t\t\t\t\t\t<\/span>\n\t\t\t\t\t<\/button>\n\t\t\t\t<\/div>\n\t\t\t<\/div>\n\t\t<\/form>\n\t\t\t\t\t\t<\/div>\n\t\t\t\t<\/div>\n\t\t\t\t<\/div>\n\t\t<div class=\"elementor-element elementor-element-2200052 e-con-full e-flex e-con e-child\" data-id=\"2200052\" data-element_type=\"container\" data-e-type=\"container\" data-settings=\"{&quot;background_background&quot;:&quot;classic&quot;}\">\n\t\t\t\t<div class=\"elementor-element elementor-element-d382d98 elementor-widget elementor-widget-heading\" data-id=\"d382d98\" data-element_type=\"widget\" data-e-type=\"widget\" data-widget_type=\"heading.default\">\n\t\t\t\t<div class=\"elementor-widget-container\">\n\t\t\t\t\t<h2 class=\"elementor-heading-title elementor-size-default\">T\u00e9moin de l'innovation en action\nd\u00e9couvrez nos constructions cr\u00e9atives<\/h2>\t\t\t\t<\/div>\n\t\t\t\t<\/div>\n\t\t\t\t<div class=\"elementor-element elementor-element-23910ba elementor-widget elementor-widget-button\" data-id=\"23910ba\" data-element_type=\"widget\" data-e-type=\"widget\" data-widget_type=\"button.default\">\n\t\t\t\t<div class=\"elementor-widget-container\">\n\t\t\t\t\t\t\t\t\t<div class=\"elementor-button-wrapper\">\n\t\t\t\t\t<a class=\"elementor-button elementor-button-link elementor-size-sm\" href=\"https:\/\/creacar.com\/fr\/aux-constructions-creatives\/\">\n\t\t\t\t\t\t<span class=\"elementor-button-content-wrapper\">\n\t\t\t\t\t\t\t\t\t<span class=\"elementor-button-text\">Aux constructions cr\u00e9atives<\/span>\n\t\t\t\t\t<\/span>\n\t\t\t\t\t<\/a>\n\t\t\t\t<\/div>\n\t\t\t\t\t\t\t\t<\/div>\n\t\t\t\t<\/div>\n\t\t\t\t<\/div>\n\t\t\t\t\t<\/div>\n\t\t\t\t<\/div>\n\t\t\t\t<\/div>\n\t\t","protected":false},"excerpt":{"rendered":"<p>Toutes les cat\u00e9gories Projets Salons professionnels Articles Rendez-nous visite \u00e0 ces salons professionnels Aucun salon professionnel pr\u00e9vu Pour le moment, nous n&rsquo;avons pas de salon professionnel pr\u00e9vu.Envie de nous parler de votre id\u00e9e ? Contactez-nous via notre page de contact. 07\/12\/23 &#8211; 12\/12\/23 Hasselt BE Beurs 1 Lorum Ipsum Korte uitleg + lien\u00a0: Praesent euismod [&hellip;]<\/p>\n","protected":false},"author":1,"featured_media":6984,"parent":0,"menu_order":0,"comment_status":"closed","ping_status":"closed","template":"elementor_header_footer","meta":{"_acf_changed":false,"footnotes":""},"class_list":["post-8330","page","type-page","status-publish","has-post-thumbnail","hentry"],"acf":[],"yoast_head":"<!-- This site is optimized with the Yoast SEO plugin v27.3 - https:\/\/yoast.com\/product\/yoast-seo-wordpress\/ -->\n<title>Newsroom | Creacar - Actualit\u00e9s de l&#039;entreprise et perspectives du secteur<\/title>\n<meta name=\"description\" content=\"Restez inform\u00e9 des derni\u00e8res nouvelles de Creacar, y compris les annonces de l&#039;entreprise, les informations sur les salons professionnels et les faits saillants de nos projets remarquables.\" \/>\n<meta name=\"robots\" content=\"index, follow, max-snippet:-1, max-image-preview:large, max-video-preview:-1\" \/>\n<link rel=\"canonical\" href=\"https:\/\/creacar.com\/fr\/newsroom\/\" \/>\n<meta property=\"og:locale\" content=\"fr_FR\" \/>\n<meta property=\"og:type\" content=\"article\" \/>\n<meta property=\"og:title\" content=\"Creacar\" \/>\n<meta property=\"og:description\" content=\"Mises \u00e0 jour de l&#039;entreprise et informations sur le\" \/>\n<meta property=\"og:url\" content=\"https:\/\/creacar.com\/fr\/newsroom\/\" \/>\n<meta property=\"og:site_name\" content=\"Creacar\" \/>\n<meta property=\"article:modified_time\" content=\"2024-07-20T16:18:47+00:00\" \/>\n<meta property=\"og:image\" content=\"https:\/\/creacar.com\/wp-content\/uploads\/2024\/03\/solar-container-45ft-og-1024x536.jpg\" \/>\n<meta name=\"twitter:card\" content=\"summary_large_image\" \/>\n<script type=\"application\/ld+json\" class=\"yoast-schema-graph\">{\"@context\":\"https:\\\/\\\/schema.org\",\"@graph\":[{\"@type\":\"WebPage\",\"@id\":\"https:\\\/\\\/creacar.com\\\/fr\\\/newsroom\\\/\",\"url\":\"https:\\\/\\\/creacar.com\\\/fr\\\/newsroom\\\/\",\"name\":\"Newsroom | Creacar - Actualit\u00e9s de l'entreprise et perspectives du secteur\",\"isPartOf\":{\"@id\":\"https:\\\/\\\/creacar.com\\\/fr\\\/#website\"},\"primaryImageOfPage\":{\"@id\":\"https:\\\/\\\/creacar.com\\\/fr\\\/newsroom\\\/#primaryimage\"},\"image\":{\"@id\":\"https:\\\/\\\/creacar.com\\\/fr\\\/newsroom\\\/#primaryimage\"},\"thumbnailUrl\":\"https:\\\/\\\/creacar.com\\\/wp-content\\\/uploads\\\/2024\\\/04\\\/creacar-team.jpg\",\"datePublished\":\"2023-10-30T07:52:58+00:00\",\"dateModified\":\"2024-07-20T16:18:47+00:00\",\"description\":\"Restez inform\u00e9 des derni\u00e8res nouvelles de Creacar, y compris les annonces de l'entreprise, les informations sur les salons professionnels et les faits saillants de nos projets remarquables.\",\"breadcrumb\":{\"@id\":\"https:\\\/\\\/creacar.com\\\/fr\\\/newsroom\\\/#breadcrumb\"},\"inLanguage\":\"fr-FR\",\"potentialAction\":[{\"@type\":\"ReadAction\",\"target\":[\"https:\\\/\\\/creacar.com\\\/fr\\\/newsroom\\\/\"]}]},{\"@type\":\"ImageObject\",\"inLanguage\":\"fr-FR\",\"@id\":\"https:\\\/\\\/creacar.com\\\/fr\\\/newsroom\\\/#primaryimage\",\"url\":\"https:\\\/\\\/creacar.com\\\/wp-content\\\/uploads\\\/2024\\\/04\\\/creacar-team.jpg\",\"contentUrl\":\"https:\\\/\\\/creacar.com\\\/wp-content\\\/uploads\\\/2024\\\/04\\\/creacar-team.jpg\",\"width\":1920,\"height\":1280},{\"@type\":\"BreadcrumbList\",\"@id\":\"https:\\\/\\\/creacar.com\\\/fr\\\/newsroom\\\/#breadcrumb\",\"itemListElement\":[{\"@type\":\"ListItem\",\"position\":1,\"name\":\"Home\",\"item\":\"https:\\\/\\\/creacar.com\\\/fr\\\/\"},{\"@type\":\"ListItem\",\"position\":2,\"name\":\"Newsroom\"}]},{\"@type\":\"WebSite\",\"@id\":\"https:\\\/\\\/creacar.com\\\/fr\\\/#website\",\"url\":\"https:\\\/\\\/creacar.com\\\/fr\\\/\",\"name\":\"Creacar\",\"description\":\"Transforming Industries with Innovations\",\"potentialAction\":[{\"@type\":\"SearchAction\",\"target\":{\"@type\":\"EntryPoint\",\"urlTemplate\":\"https:\\\/\\\/creacar.com\\\/fr\\\/?s={search_term_string}\"},\"query-input\":{\"@type\":\"PropertyValueSpecification\",\"valueRequired\":true,\"valueName\":\"search_term_string\"}}],\"inLanguage\":\"fr-FR\"}]}<\/script>\n<!-- \/ Yoast SEO plugin. -->","yoast_head_json":{"title":"Newsroom | Creacar - Actualit\u00e9s de l'entreprise et perspectives du secteur","description":"Restez inform\u00e9 des derni\u00e8res nouvelles de Creacar, y compris les annonces de l'entreprise, les informations sur les salons professionnels et les faits saillants de nos projets remarquables.","robots":{"index":"index","follow":"follow","max-snippet":"max-snippet:-1","max-image-preview":"max-image-preview:large","max-video-preview":"max-video-preview:-1"},"canonical":"https:\/\/creacar.com\/fr\/newsroom\/","og_locale":"fr_FR","og_type":"article","og_title":"Creacar","og_description":"Mises \u00e0 jour de l'entreprise et informations sur le","og_url":"https:\/\/creacar.com\/fr\/newsroom\/","og_site_name":"Creacar","article_modified_time":"2024-07-20T16:18:47+00:00","og_image":[{"url":"https:\/\/creacar.com\/wp-content\/uploads\/2024\/03\/solar-container-45ft-og-1024x536.jpg","type":"","width":"","height":""}],"twitter_card":"summary_large_image","schema":{"@context":"https:\/\/schema.org","@graph":[{"@type":"WebPage","@id":"https:\/\/creacar.com\/fr\/newsroom\/","url":"https:\/\/creacar.com\/fr\/newsroom\/","name":"Newsroom | Creacar - Actualit\u00e9s de l'entreprise et perspectives du secteur","isPartOf":{"@id":"https:\/\/creacar.com\/fr\/#website"},"primaryImageOfPage":{"@id":"https:\/\/creacar.com\/fr\/newsroom\/#primaryimage"},"image":{"@id":"https:\/\/creacar.com\/fr\/newsroom\/#primaryimage"},"thumbnailUrl":"https:\/\/creacar.com\/wp-content\/uploads\/2024\/04\/creacar-team.jpg","datePublished":"2023-10-30T07:52:58+00:00","dateModified":"2024-07-20T16:18:47+00:00","description":"Restez inform\u00e9 des derni\u00e8res nouvelles de Creacar, y compris les annonces de l'entreprise, les informations sur les salons professionnels et les faits saillants de nos projets remarquables.","breadcrumb":{"@id":"https:\/\/creacar.com\/fr\/newsroom\/#breadcrumb"},"inLanguage":"fr-FR","potentialAction":[{"@type":"ReadAction","target":["https:\/\/creacar.com\/fr\/newsroom\/"]}]},{"@type":"ImageObject","inLanguage":"fr-FR","@id":"https:\/\/creacar.com\/fr\/newsroom\/#primaryimage","url":"https:\/\/creacar.com\/wp-content\/uploads\/2024\/04\/creacar-team.jpg","contentUrl":"https:\/\/creacar.com\/wp-content\/uploads\/2024\/04\/creacar-team.jpg","width":1920,"height":1280},{"@type":"BreadcrumbList","@id":"https:\/\/creacar.com\/fr\/newsroom\/#breadcrumb","itemListElement":[{"@type":"ListItem","position":1,"name":"Home","item":"https:\/\/creacar.com\/fr\/"},{"@type":"ListItem","position":2,"name":"Newsroom"}]},{"@type":"WebSite","@id":"https:\/\/creacar.com\/fr\/#website","url":"https:\/\/creacar.com\/fr\/","name":"Creacar","description":"Transforming Industries with Innovations","potentialAction":[{"@type":"SearchAction","target":{"@type":"EntryPoint","urlTemplate":"https:\/\/creacar.com\/fr\/?s={search_term_string}"},"query-input":{"@type":"PropertyValueSpecification","valueRequired":true,"valueName":"search_term_string"}}],"inLanguage":"fr-FR"}]}},"_links":{"self":[{"href":"https:\/\/creacar.com\/fr\/wp-json\/wp\/v2\/pages\/8330","targetHints":{"allow":["GET"]}}],"collection":[{"href":"https:\/\/creacar.com\/fr\/wp-json\/wp\/v2\/pages"}],"about":[{"href":"https:\/\/creacar.com\/fr\/wp-json\/wp\/v2\/types\/page"}],"author":[{"embeddable":true,"href":"https:\/\/creacar.com\/fr\/wp-json\/wp\/v2\/users\/1"}],"replies":[{"embeddable":true,"href":"https:\/\/creacar.com\/fr\/wp-json\/wp\/v2\/comments?post=8330"}],"version-history":[{"count":4,"href":"https:\/\/creacar.com\/fr\/wp-json\/wp\/v2\/pages\/8330\/revisions"}],"predecessor-version":[{"id":8450,"href":"https:\/\/creacar.com\/fr\/wp-json\/wp\/v2\/pages\/8330\/revisions\/8450"}],"wp:featuredmedia":[{"embeddable":true,"href":"https:\/\/creacar.com\/fr\/wp-json\/wp\/v2\/media\/6984"}],"wp:attachment":[{"href":"https:\/\/creacar.com\/fr\/wp-json\/wp\/v2\/media?parent=8330"}],"curies":[{"name":"wp","href":"https:\/\/api.w.org\/{rel}","templated":true}]}}